{"id":240136,"date":"2023-10-18T15:07:26","date_gmt":"2023-10-18T13:07:26","guid":{"rendered":"https:\/\/bmib.be\/?page_id=240136"},"modified":"2023-10-18T15:20:17","modified_gmt":"2023-10-18T13:20:17","slug":"strategie-esg","status":"publish","type":"page","link":"https:\/\/bmib.be\/index.php\/strategie-esg\/","title":{"rendered":"strat\u00e9gie ESG"},"content":{"rendered":"\n[et_pb_section fb_built=\u00a0\u00bb1&Prime; admin_label=\u00a0\u00bbHeader\u00a0\u00bb _builder_version=\u00a0\u00bb4.17.6&Prime; _module_preset=\u00a0\u00bbdefault\u00a0\u00bb background_color=\u00a0\u00bb#0D232D\u00a0\u00bb overflow-x=\u00a0\u00bbhidden\u00a0\u00bb overflow-y=\u00a0\u00bbhidden\u00a0\u00bb custom_padding=\u00a0\u00bb0px||0px||false|false\u00a0\u00bb collapsed=\u00a0\u00bbon\u00a0\u00bb global_colors_info=\u00a0\u00bb{}\u00a0\u00bb theme_builder_area=\u00a0\u00bbpost_content\u00a0\u00bb][et_pb_row column_structure=\u00a0\u00bb3_5,2_5&Prime; make_equal=\u00a0\u00bbon\u00a0\u00bb _builder_version=\u00a0\u00bb4.18.0&Prime; _module_preset=\u00a0\u00bbdefault\u00a0\u00bb height=\u00a0\u00bb343px\u00a0\u00bb custom_margin=\u00a0\u00bb|auto|-8px|auto|false|false\u00a0\u00bb custom_padding=\u00a0\u00bb0px||1px||false|false\u00a0\u00bb global_colors_info=\u00a0\u00bb{}\u00a0\u00bb theme_builder_area=\u00a0\u00bbpost_content\u00a0\u00bb][et_pb_column type=\u00a0\u00bb3_5&Prime; _builder_version=\u00a0\u00bb4.17.6&Prime; _module_preset=\u00a0\u00bbdefault\u00a0\u00bb custom_padding=\u00a0\u00bb10%|15%|||false|false\u00a0\u00bb custom_padding_tablet=\u00a0\u00bb||||false|false\u00a0\u00bb custom_padding_phone=\u00a0\u00bb||||false|false\u00a0\u00bb custom_padding_last_edited=\u00a0\u00bbon|tablet\u00a0\u00bb global_colors_info=\u00a0\u00bb{}\u00a0\u00bb theme_builder_area=\u00a0\u00bbpost_content\u00a0\u00bb][et_pb_text _builder_version=\u00a0\u00bb4.17.6&Prime; _module_preset=\u00a0\u00bbc16985e1-e0d6-4022-964d-e2bfc04fa633&Prime; header_font=\u00a0\u00bbAnton|||on|||||\u00a0\u00bb header_text_color=\u00a0\u00bb#AE8F73&Prime; header_font_size=\u00a0\u00bb100px\u00a0\u00bb header_line_height=\u00a0\u00bb1.15em\u00a0\u00bb width=\u00a0\u00bb140%\u00a0\u00bb width_tablet=\u00a0\u00bb100%\u00a0\u00bb width_phone=\u00a0\u00bb100%\u00a0\u00bb width_last_edited=\u00a0\u00bbon|tablet\u00a0\u00bb custom_margin=\u00a0\u00bb-59px|||||\u00a0\u00bb custom_padding=\u00a0\u00bb48px|||||\u00a0\u00bb header_font_size_tablet=\u00a0\u00bb40px\u00a0\u00bb header_font_size_phone=\u00a0\u00bb24px\u00a0\u00bb header_font_size_last_edited=\u00a0\u00bbon|desktop\u00a0\u00bb global_colors_info=\u00a0\u00bb{}\u00a0\u00bb theme_builder_area=\u00a0\u00bbpost_content\u00a0\u00bb]<h1>Strat\u00e9gie esg<\/h1>[\/et_pb_text][\/et_pb_column][et_pb_column type=\u00a0\u00bb2_5&Prime; _builder_version=\u00a0\u00bb4.18.0&Prime; _module_preset=\u00a0\u00bbdefault\u00a0\u00bb custom_padding=\u00a0\u00bb||0px||false|false\u00a0\u00bb global_colors_info=\u00a0\u00bb{}\u00a0\u00bb theme_builder_area=\u00a0\u00bbpost_content\u00a0\u00bb][et_pb_image src=\u00a0\u00bbhttps:\/\/bmib.be\/wp-content\/uploads\/2023\/10\/sigmund-aI4RJ-Mw4I-unsplash-scaled.jpg\u00a0\u00bb title_text=\u00a0\u00bbsigmund-aI4RJ&#8211;Mw4I-unsplash\u00a0\u00bb show_bottom_space=\u00a0\u00bboff\u00a0\u00bb _builder_version=\u00a0\u00bb4.22.2&Prime; _module_preset=\u00a0\u00bbdefault\u00a0\u00bb width_tablet=\u00a0\u00bb45%\u00a0\u00bb width_phone=\u00a0\u00bb45%\u00a0\u00bb width_last_edited=\u00a0\u00bbon|tablet\u00a0\u00bb custom_margin=\u00a0\u00bb-131px|-20vw|||false|false\u00a0\u00bb custom_margin_tablet=\u00a0\u00bb|0vw|||false|false\u00a0\u00bb custom_margin_phone=\u00a0\u00bb|0vw|||false|false\u00a0\u00bb custom_margin_last_edited=\u00a0\u00bbon|tablet\u00a0\u00bb custom_padding=\u00a0\u00bb||0px|||\u00a0\u00bb hover_enabled=\u00a0\u00bb0&Prime; global_colors_info=\u00a0\u00bb{}\u00a0\u00bb width__hover_enabled=\u00a0\u00bboff|desktop\u00a0\u00bb theme_builder_area=\u00a0\u00bbpost_content\u00a0\u00bb sticky_enabled=\u00a0\u00bb0&Prime;][\/et_pb_image][\/et_pb_column][\/et_pb_row][\/et_pb_section][et_pb_section fb_built=\u00a0\u00bb1&Prime; admin_label=\u00a0\u00bbContact Form\u00a0\u00bb _builder_version=\u00a0\u00bb4.17.4&Prime; _module_preset=\u00a0\u00bbdefault\u00a0\u00bb background_color=\u00a0\u00bb#F3EEE8&Prime; collapsed=\u00a0\u00bbon\u00a0\u00bb global_colors_info=\u00a0\u00bb{}\u00a0\u00bb theme_builder_area=\u00a0\u00bbpost_content\u00a0\u00bb][et_pb_row _builder_version=\u00a0\u00bb4.22.2&Prime; _module_preset=\u00a0\u00bbdefault\u00a0\u00bb hover_enabled=\u00a0\u00bb0&Prime; global_colors_info=\u00a0\u00bb{}\u00a0\u00bb theme_builder_area=\u00a0\u00bbpost_content\u00a0\u00bb sticky_enabled=\u00a0\u00bb0&Prime;][et_pb_column type=\u00a0\u00bb4_4&Prime; _builder_version=\u00a0\u00bb4.18.0&Prime; _module_preset=\u00a0\u00bbdefault\u00a0\u00bb global_colors_info=\u00a0\u00bb{}\u00a0\u00bb theme_builder_area=\u00a0\u00bbpost_content\u00a0\u00bb][et_pb_text _builder_version=\u00a0\u00bb4.22.2&Prime; _module_preset=\u00a0\u00bbdefault\u00a0\u00bb theme_builder_area=\u00a0\u00bbpost_content\u00a0\u00bb hover_enabled=\u00a0\u00bb0&Prime; sticky_enabled=\u00a0\u00bb0&Prime; text_font_size=\u00a0\u00bb16px\u00a0\u00bb header_4_font_size=\u00a0\u00bb24px\u00a0\u00bb]<p style=\"text-align: justify;\">Chez Branding Made In Belgium, nous croyons fermement en l&rsquo;importance de l&rsquo;int\u00e9gration des crit\u00e8res environnementaux, sociaux et de gouvernance (ESG) dans notre entreprise. Notre engagement envers l&rsquo;ESG guide notre vision et nos actions pour cr\u00e9er un impact positif sur notre entreprise, nos parties prenantes et la plan\u00e8te. Cette page pr\u00e9sente notre approche en mati\u00e8re d&rsquo;ESG.<\/p>\n<p style=\"text-align: justify;\"><\/p>\n<h4 style=\"text-align: justify;\">\u00a0<strong>Environnement (E)<\/strong><\/h4>\n<p style=\"text-align: justify;\"><strong><\/strong><\/p>\n<p style=\"text-align: justify;\"><strong>1. Durabilit\u00e9 environnementale<\/strong><\/p>\n<p style=\"text-align: justify;\">Nous nous effor\u00e7ons de r\u00e9duire notre empreinte environnementale en mettant en \u0153uvre des pratiques commerciales durables, telles que la r\u00e9duction de la consommation d&rsquo;\u00e9nergie, la gestion des d\u00e9chets, et l&rsquo;adoption de sources d&rsquo;\u00e9nergie avec un projet d&rsquo;installation de panneaux solaires.<\/p>\n<p style=\"text-align: justify;\"><strong>2. Responsabilit\u00e9 en mati\u00e8re de produits<\/strong><\/p>\n<p style=\"text-align: justify;\">Nous nous engageons \u00e0 proposer des produits et des services respectueux de l&rsquo;environnement \u00ab\u00a0GOTS\u00a0\u00bb, en favorisant l&rsquo;utilisation de mat\u00e9riaux durables, en minimisant les d\u00e9chets et en contribuant \u00e0 la pr\u00e9servation de la biodiversit\u00e9.<\/p>\n<h4 style=\"text-align: justify;\"><strong>Social (S)<\/strong><\/h4>\n<p style=\"text-align: justify;\"><strong><\/strong><\/p>\n<p style=\"text-align: justify;\"><strong>1. Responsabilit\u00e9 envers nos collaborateurs<\/strong><\/p>\n<p style=\"text-align: justify;\">Notre entreprise s&rsquo;engage \u00e0 cr\u00e9er un environnement de travail inclusif, \u00e9quitable et s\u00fbr. Nous favorisons le d\u00e9veloppement professionnel, la diversit\u00e9 et l&rsquo;\u00e9quilibre entre vie professionnelle et vie personnelle de nos employ\u00e9s.<\/p>\n<p style=\"text-align: justify;\"><strong>2. Responsabilit\u00e9 envers la communaut\u00e9<\/strong><\/p>\n<p style=\"text-align: justify;\">Nous nous impliquons activement dans les communaut\u00e9s locales en soutenant des initiatives sociales, caritatives et \u00e9ducatives qui visent \u00e0 am\u00e9liorer la qualit\u00e9 de vie de nos voisins et \u00e0 renforcer les liens communautaires.<\/p>\n<h4 style=\"text-align: justify;\"><strong>Gouvernance (G)<\/strong><\/h4>\n<p style=\"text-align: justify;\"><strong><\/strong><\/p>\n<p style=\"text-align: justify;\"><strong>1. Transparence et responsabilit\u00e9<\/strong><\/p>\n<p style=\"text-align: justify;\">Nous promouvons la transparence dans nos op\u00e9rations et dans la communication avec nos parties prenantes. Notre conseil d&rsquo;administration est compos\u00e9 de membres ind\u00e9pendants, et nous respectons des normes \u00e9lev\u00e9es de gouvernance d&rsquo;entreprise.<\/p>\n<p style=\"text-align: justify;\"><strong>2. \u00c9thique des affaires<\/strong><\/p>\n<p style=\"text-align: justify;\">Nous nous conformons strictement \u00e0 des normes \u00e9thiques \u00e9lev\u00e9es et luttons contre la corruption sous toutes ses formes. Nous encourageons la responsabilit\u00e9 et l&rsquo;int\u00e9grit\u00e9 dans toutes nos activit\u00e9s.<\/p>\n<p style=\"text-align: justify;\">Chez BMIB, notre engagement envers l&rsquo;ESG n&rsquo;est pas simplement une d\u00e9claration, mais une philosophie qui se refl\u00e8te dans nos actions quotidiennes. Nous savons que la durabilit\u00e9 et la responsabilit\u00e9 sont essentielles pour la prosp\u00e9rit\u00e9 \u00e0 long terme de notre entreprise et pour la sant\u00e9 de notre plan\u00e8te.<\/p>\n<p style=\"text-align: justify;\">Nous restons r\u00e9solument engag\u00e9s \u00e0 \u00e9voluer, \u00e0 am\u00e9liorer et \u00e0 \u00e9largir notre strat\u00e9gie ESG au fil du temps. Nous sommes convaincus que notre succ\u00e8s futur est \u00e9troitement li\u00e9 \u00e0 notre capacit\u00e9 \u00e0 cr\u00e9er un impact positif sur le monde qui nous entoure.<\/p>\n<p style=\"text-align: justify;\">Si vous avez des questions, des commentaires ou des suggestions concernant notre strat\u00e9gie ESG, nous vous invitons \u00e0 nous contacter. Nous sommes fiers de travailler en collaboration avec nos parties prenantes pour b\u00e2tir un avenir meilleur.<\/p>[\/et_pb_text][\/et_pb_column][\/et_pb_row][\/et_pb_section][et_pb_section fb_built=\u00a0\u00bb1&Prime; admin_label=\u00a0\u00bbFooter\u00a0\u00bb _builder_version=\u00a0\u00bb4.17.4&Prime; _module_preset=\u00a0\u00bbdefault\u00a0\u00bb background_color=\u00a0\u00bb#F3EEE8&Prime; saved_tabs=\u00a0\u00bball\u00a0\u00bb collapsed=\u00a0\u00bbon\u00a0\u00bb global_colors_info=\u00a0\u00bb{}\u00a0\u00bb theme_builder_area=\u00a0\u00bbpost_content\u00a0\u00bb][et_pb_row column_structure=\u00a0\u00bb1_4,1_2,1_4&Prime; _builder_version=\u00a0\u00bb4.17.6&Prime; _module_preset=\u00a0\u00bbdefault\u00a0\u00bb global_colors_info=\u00a0\u00bb{}\u00a0\u00bb theme_builder_area=\u00a0\u00bbpost_content\u00a0\u00bb][et_pb_column type=\u00a0\u00bb1_4&Prime; _builder_version=\u00a0\u00bb4.17.4&Prime; _module_preset=\u00a0\u00bbdefault\u00a0\u00bb global_colors_info=\u00a0\u00bb{}\u00a0\u00bb theme_builder_area=\u00a0\u00bbpost_content\u00a0\u00bb][et_pb_text _builder_version=\u00a0\u00bb4.17.4&Prime; _module_preset=\u00a0\u00bbe6504a1b-67eb-4b3d-b023-bcab277610b6&Prime; link_font=\u00a0\u00bb||||||||\u00a0\u00bb link_text_color=\u00a0\u00bb#AE8F73&Prime; header_4_font=\u00a0\u00bbOpen Sans|700||on|||||\u00a0\u00bb header_4_text_color=\u00a0\u00bb#AE8F73&Prime; header_4_font_size=\u00a0\u00bb12px\u00a0\u00bb header_4_letter_spacing=\u00a0\u00bb0.2em\u00a0\u00bb header_4_line_height=\u00a0\u00bb1.5em\u00a0\u00bb custom_margin=\u00a0\u00bb||10px||false|false\u00a0\u00bb locked=\u00a0\u00bboff\u00a0\u00bb global_colors_info=\u00a0\u00bb{}\u00a0\u00bb theme_builder_area=\u00a0\u00bbpost_content\u00a0\u00bb]<h4>Get Started<\/h4>[\/et_pb_text][et_pb_text _builder_version=\u00a0\u00bb4.17.4&Prime; _module_preset=\u00a0\u00bb4c43b4b6-66bf-432d-959a-705bda24a650&Prime; text_font=\u00a0\u00bbRaleway|500|||||||\u00a0\u00bb text_text_color=\u00a0\u00bb#0D232D\u00a0\u00bb text_line_height=\u00a0\u00bb1.65em\u00a0\u00bb link_text_color=\u00a0\u00bb#000000&Prime; custom_margin=\u00a0\u00bb||10px||false|false\u00a0\u00bb header_font_size_tablet=\u00a0\u00bb55px\u00a0\u00bb header_font_size_last_edited=\u00a0\u00bboff|desktop\u00a0\u00bb global_colors_info=\u00a0\u00bb{}\u00a0\u00bb theme_builder_area=\u00a0\u00bbpost_content\u00a0\u00bb]<p><a href=\"#\">Contact Us<\/a><\/p>[\/et_pb_text][\/et_pb_column][et_pb_column type=\u00a0\u00bb1_2&Prime; _builder_version=\u00a0\u00bb4.17.4&Prime; _module_preset=\u00a0\u00bbdefault\u00a0\u00bb global_colors_info=\u00a0\u00bb{}\u00a0\u00bb theme_builder_area=\u00a0\u00bbpost_content\u00a0\u00bb][et_pb_text _builder_version=\u00a0\u00bb4.18.0&Prime; _dynamic_attributes=\u00a0\u00bbcontent\u00a0\u00bb _module_preset=\u00a0\u00bb4c43b4b6-66bf-432d-959a-705bda24a650&Prime; text_font=\u00a0\u00bbRaleway|500|||||||\u00a0\u00bb text_text_color=\u00a0\u00bb#0D232D\u00a0\u00bb text_line_height=\u00a0\u00bb1.65em\u00a0\u00bb text_orientation=\u00a0\u00bbcenter\u00a0\u00bb header_font_size_tablet=\u00a0\u00bb55px\u00a0\u00bb header_font_size_last_edited=\u00a0\u00bboff|desktop\u00a0\u00bb text_orientation_tablet=\u00a0\u00bbleft\u00a0\u00bb text_orientation_phone=\u00a0\u00bb\u00a0\u00bb text_orientation_last_edited=\u00a0\u00bbon|tablet\u00a0\u00bb global_colors_info=\u00a0\u00bb{}\u00a0\u00bb theme_builder_area=\u00a0\u00bbpost_content\u00a0\u00bb]@ET-DC@eyJkeW5hbWljIjp0cnVlLCJjb250ZW50IjoiY3VycmVudF9kYXRlIiwic2V0dGluZ3MiOnsiYmVmb3JlIjoiQ29weXJpZ2h0ICZjb3B5OyAiLCJhZnRlciI6IkJyYW5kaW5nIE1hZGUgSW4gQmVsZ2lxdWUgSW5jLiIsImRhdGVfZm9ybWF0IjoiY3VzdG9tIiwiY3VzdG9tX2RhdGVfZm9ybWF0IjoiWSAifX0=@[\/et_pb_text][\/et_pb_column][et_pb_column type=\u00a0\u00bb1_4&Prime; _builder_version=\u00a0\u00bb4.17.4&Prime; _module_preset=\u00a0\u00bbdefault\u00a0\u00bb global_colors_info=\u00a0\u00bb{}\u00a0\u00bb theme_builder_area=\u00a0\u00bbpost_content\u00a0\u00bb][et_pb_text _builder_version=\u00a0\u00bb4.17.4&Prime; _module_preset=\u00a0\u00bbe6504a1b-67eb-4b3d-b023-bcab277610b6&Prime; link_font=\u00a0\u00bb||||||||\u00a0\u00bb link_text_color=\u00a0\u00bb#AE8F73&Prime; header_4_font=\u00a0\u00bbOpen Sans|700||on|||||\u00a0\u00bb header_4_text_color=\u00a0\u00bb#AE8F73&Prime; header_4_font_size=\u00a0\u00bb12px\u00a0\u00bb header_4_letter_spacing=\u00a0\u00bb0.2em\u00a0\u00bb header_4_line_height=\u00a0\u00bb1.5em\u00a0\u00bb custom_margin=\u00a0\u00bb||0px||false|false\u00a0\u00bb global_colors_info=\u00a0\u00bb{}\u00a0\u00bb theme_builder_area=\u00a0\u00bbpost_content\u00a0\u00bb]<h4>Social<\/h4>[\/et_pb_text][et_pb_social_media_follow icon_color=\u00a0\u00bb#0D232D\u00a0\u00bb use_icon_font_size=\u00a0\u00bbon\u00a0\u00bb icon_font_size=\u00a0\u00bb24px\u00a0\u00bb _builder_version=\u00a0\u00bb4.18.0&Prime; _module_preset=\u00a0\u00bbdefault\u00a0\u00bb global_colors_info=\u00a0\u00bb{}\u00a0\u00bb theme_builder_area=\u00a0\u00bbpost_content\u00a0\u00bb][et_pb_social_media_follow_network social_network=\u00a0\u00bbfacebook\u00a0\u00bb _builder_version=\u00a0\u00bb4.17.4&Prime; _module_preset=\u00a0\u00bbdefault\u00a0\u00bb global_colors_info=\u00a0\u00bb{}\u00a0\u00bb theme_builder_area=\u00a0\u00bbpost_content\u00a0\u00bb follow_button=\u00a0\u00bboff\u00a0\u00bb url_new_window=\u00a0\u00bbon\u00a0\u00bb]facebook[\/et_pb_social_media_follow_network][et_pb_social_media_follow_network social_network=\u00a0\u00bbinstagram\u00a0\u00bb _builder_version=\u00a0\u00bb4.17.4&Prime; _module_preset=\u00a0\u00bbdefault\u00a0\u00bb global_colors_info=\u00a0\u00bb{}\u00a0\u00bb theme_builder_area=\u00a0\u00bbpost_content\u00a0\u00bb follow_button=\u00a0\u00bboff\u00a0\u00bb url_new_window=\u00a0\u00bbon\u00a0\u00bb]instagram[\/et_pb_social_media_follow_network][\/et_pb_social_media_follow][\/et_pb_column][\/et_pb_row][\/et_pb_section]\n","protected":false},"excerpt":{"rendered":"<p>Strat\u00e9gie esgChez Branding Made In Belgium, nous croyons fermement en l&rsquo;importance de l&rsquo;int\u00e9gration des crit\u00e8res environnementaux, sociaux et de gouvernance (ESG) dans notre entreprise. Notre engagement envers l&rsquo;ESG guide notre vision et nos actions pour cr\u00e9er un impact positif sur notre entreprise, nos parties prenantes et la plan\u00e8te. Cette page pr\u00e9sente notre approche en mati\u00e8re [&hellip;]<\/p>\n","protected":false},"author":1,"featured_media":0,"parent":0,"menu_order":0,"comment_status":"closed","ping_status":"closed","template":"page-template-blank.php","meta":{"_et_pb_use_builder":"on","_et_pb_old_content":"","_et_gb_content_width":"","footnotes":""},"class_list":["post-240136","page","type-page","status-publish","hentry"],"_links":{"self":[{"href":"https:\/\/bmib.be\/index.php\/wp-json\/wp\/v2\/pages\/240136","targetHints":{"allow":["GET"]}}],"collection":[{"href":"https:\/\/bmib.be\/index.php\/wp-json\/wp\/v2\/pages"}],"about":[{"href":"https:\/\/bmib.be\/index.php\/wp-json\/wp\/v2\/types\/page"}],"author":[{"embeddable":true,"href":"https:\/\/bmib.be\/index.php\/wp-json\/wp\/v2\/users\/1"}],"replies":[{"embeddable":true,"href":"https:\/\/bmib.be\/index.php\/wp-json\/wp\/v2\/comments?post=240136"}],"version-history":[{"count":5,"href":"https:\/\/bmib.be\/index.php\/wp-json\/wp\/v2\/pages\/240136\/revisions"}],"predecessor-version":[{"id":240148,"href":"https:\/\/bmib.be\/index.php\/wp-json\/wp\/v2\/pages\/240136\/revisions\/240148"}],"wp:attachment":[{"href":"https:\/\/bmib.be\/index.php\/wp-json\/wp\/v2\/media?parent=240136"}],"curies":[{"name":"wp","href":"https:\/\/api.w.org\/{rel}","templated":true}]}}