{"id":240175,"date":"2023-11-08T09:33:33","date_gmt":"2023-11-08T08:33:33","guid":{"rendered":"https:\/\/bmib.be\/?post_type=product&#038;p=240175"},"modified":"2023-11-08T15:52:30","modified_gmt":"2023-11-08T14:52:30","slug":"pullover-de-noel","status":"publish","type":"product","link":"https:\/\/bmib.be\/index.php\/produit\/pullover-de-noel\/","title":{"rendered":"Pullover de No\u00ebl adulte"},"content":{"rendered":"<div>100% acrylique. Coupe ajust\u00e9e. Jauge 5. Tricot\u00e9 en fully-fashion : tricot\u00e9 dans la forme et assembl\u00e9 sur machine de remaillage. Tricot intarsia \u00e0 motifs de No\u00ebl devant. Col rond. Finitions bord\u00a0c\u00f4te\u00a02&#215;2 contrast\u00e9s \u00e0 l&rsquo;encolure, poignets et bas de v\u00eatement. Pr\u00e9sence d&rsquo;\u00e9lasthanne dans le bord\u00a0c\u00f4te\u00a0bas de manche et bas de v\u00eatement pour \u00e9viter que le pullover se d\u00e9forme. Bande propret\u00e9 ton sur ton avec la couleur majoritaire. Pas d&rsquo;\u00e9tiquette de marque au col, uniquement une puce de taille pour faciliter la personnalisation.<\/div>\n","protected":false},"excerpt":{"rendered":"<p><img loading=\"lazy\" decoding=\"async\" class=\"alignnone wp-image-240176\" src=\"https:\/\/bmib.be\/wp-content\/uploads\/2023\/11\/OEKOTEX7_KARIABN.webp\" alt=\"\" width=\"102\" height=\"59\" \/> <img loading=\"lazy\" decoding=\"async\" class=\"alignnone wp-image-240177\" src=\"https:\/\/bmib.be\/wp-content\/uploads\/2023\/11\/VEGAN_KARIBAN.webp\" alt=\"\" width=\"160\" height=\"54\" \/><\/p>\n","protected":false},"featured_media":240178,"template":"","meta":{"_et_pb_use_builder":"","_et_pb_old_content":"","_et_gb_content_width":""},"product_brand":[],"product_cat":[23],"product_tag":[25,24],"class_list":{"0":"post-240175","1":"product","2":"type-product","3":"status-publish","4":"has-post-thumbnail","6":"product_cat-pullover","7":"product_tag-noel","8":"product_tag-pullover","10":"first","11":"instock","12":"shipping-taxable","13":"purchasable","14":"product-type-variable"},"_links":{"self":[{"href":"https:\/\/bmib.be\/index.php\/wp-json\/wp\/v2\/product\/240175","targetHints":{"allow":["GET"]}}],"collection":[{"href":"https:\/\/bmib.be\/index.php\/wp-json\/wp\/v2\/product"}],"about":[{"href":"https:\/\/bmib.be\/index.php\/wp-json\/wp\/v2\/types\/product"}],"wp:featuredmedia":[{"embeddable":true,"href":"https:\/\/bmib.be\/index.php\/wp-json\/wp\/v2\/media\/240178"}],"wp:attachment":[{"href":"https:\/\/bmib.be\/index.php\/wp-json\/wp\/v2\/media?parent=240175"}],"wp:term":[{"taxonomy":"product_brand","embeddable":true,"href":"https:\/\/bmib.be\/index.php\/wp-json\/wp\/v2\/product_brand?post=240175"},{"taxonomy":"product_cat","embeddable":true,"href":"https:\/\/bmib.be\/index.php\/wp-json\/wp\/v2\/product_cat?post=240175"},{"taxonomy":"product_tag","embeddable":true,"href":"https:\/\/bmib.be\/index.php\/wp-json\/wp\/v2\/product_tag?post=240175"}],"curies":[{"name":"wp","href":"https:\/\/api.w.org\/{rel}","templated":true}]}}