{"id":240323,"date":"2023-11-09T14:10:08","date_gmt":"2023-11-09T13:10:08","guid":{"rendered":"https:\/\/bmib.be\/?post_type=product&#038;p=240323"},"modified":"2023-11-09T17:50:41","modified_gmt":"2023-11-09T16:50:41","slug":"peluche-de-renne","status":"publish","type":"product","link":"https:\/\/bmib.be\/index.php\/produit\/peluche-de-renne\/","title":{"rendered":"Peluche de Renne"},"content":{"rendered":"<div>Peluche 100%\u00a0polyester. Yeux de couleur contrast\u00e9e et nez en tissu contrast\u00e9. Bois en tissu contrast\u00e9. Panneau de couleur cr\u00e8me au niveau du ventre et de l\u2019int\u00e9rieur des oreilles. Ouverture zipp\u00e9e et rembourrage int\u00e9rieur amovible pour faciliter la d\u00e9coration. Il peut \u00eatre brod\u00e9, imprim\u00e9 en vinyle ou sublimable. Hauteur 46 cm. Conforme \u00e0 la norme Europ\u00e9enne EN71 de s\u00e9curit\u00e9 des jouets. Convient \u00e0 tous les \u00e2ges.<\/div>\n","protected":false},"excerpt":{"rendered":"<p>La personnalisation en <strong>broderie rouge<\/strong> fera <strong>8cm de longueur maximum et\/ou 3 cm de haut maximum<\/strong> et nous vous conseillons un maximum de <strong>12 lettres<\/strong>.<\/p>\n<p>La typographie utilis\u00e9 sera <em>Helvetica<\/em><\/p>\n<p><strong>!! Vous pouvez compl\u00e9ter le produit non personnalis\u00e9 si vous ne remplissez pas le champs ci-dessous !!<\/strong><\/p>\n<p>&#8212;&#8212;&#8212;-<\/p>\n","protected":false},"featured_media":240324,"template":"","meta":{"_et_pb_use_builder":"on","_et_pb_old_content":"<div>Peluche 100%\u00a0polyester. Yeux de couleur contrast\u00e9e et nez en tissu contrast\u00e9. Bois en tissu contrast\u00e9. Panneau de couleur cr\u00e8me au niveau du ventre et de l\u2019int\u00e9rieur des oreilles. Ouverture zipp\u00e9e et rembourrage int\u00e9rieur amovible pour faciliter la d\u00e9coration. Il peut \u00eatre brod\u00e9, imprim\u00e9 en vinyle ou sublimable. Hauteur 46 cm. Conforme \u00e0 la norme Europ\u00e9enne EN71 de s\u00e9curit\u00e9 des jouets. Convient \u00e0 tous les \u00e2ges.<\/div>","_et_gb_content_width":""},"product_brand":[],"product_cat":[28],"product_tag":[25,29],"class_list":{"0":"post-240323","1":"product","2":"type-product","3":"status-publish","4":"has-post-thumbnail","6":"product_cat-peluche","7":"product_tag-noel","8":"product_tag-peluche","10":"first","11":"instock","12":"shipping-taxable","13":"purchasable","14":"product-type-simple"},"_links":{"self":[{"href":"https:\/\/bmib.be\/index.php\/wp-json\/wp\/v2\/product\/240323","targetHints":{"allow":["GET"]}}],"collection":[{"href":"https:\/\/bmib.be\/index.php\/wp-json\/wp\/v2\/product"}],"about":[{"href":"https:\/\/bmib.be\/index.php\/wp-json\/wp\/v2\/types\/product"}],"wp:featuredmedia":[{"embeddable":true,"href":"https:\/\/bmib.be\/index.php\/wp-json\/wp\/v2\/media\/240324"}],"wp:attachment":[{"href":"https:\/\/bmib.be\/index.php\/wp-json\/wp\/v2\/media?parent=240323"}],"wp:term":[{"taxonomy":"product_brand","embeddable":true,"href":"https:\/\/bmib.be\/index.php\/wp-json\/wp\/v2\/product_brand?post=240323"},{"taxonomy":"product_cat","embeddable":true,"href":"https:\/\/bmib.be\/index.php\/wp-json\/wp\/v2\/product_cat?post=240323"},{"taxonomy":"product_tag","embeddable":true,"href":"https:\/\/bmib.be\/index.php\/wp-json\/wp\/v2\/product_tag?post=240323"}],"curies":[{"name":"wp","href":"https:\/\/api.w.org\/{rel}","templated":true}]}}